{"id":4359,"date":"2025-09-15T09:28:31","date_gmt":"2025-09-15T07:28:31","guid":{"rendered":"https:\/\/www.delamode-bulgaria.com\/?page_id=4359"},"modified":"2026-03-20T15:28:08","modified_gmt":"2026-03-20T13:28:08","slug":"terms-and-conditions","status":"publish","type":"page","link":"https:\/\/www.delamode-bulgaria.com\/en\/terms-and-conditions\/","title":{"rendered":"Terms and Conditions"},"content":{"rendered":"<div data-elementor-type=\"wp-page\" data-elementor-id=\"4359\" class=\"elementor elementor-4359\" data-elementor-post-type=\"page\">\n\t\t\t\t<div class=\"elementor-element elementor-element-d7c6f47 e-flex e-con-boxed e-con e-parent\" data-id=\"d7c6f47\" data-element_type=\"container\" data-e-type=\"container\">\n\t\t\t\t\t<div class=\"e-con-inner\">\n\t\t\t\t<div class=\"elementor-element elementor-element-d9471cb elementor-widget elementor-widget-heading\" data-id=\"d9471cb\" data-element_type=\"widget\" data-e-type=\"widget\" data-widget_type=\"heading.default\">\n\t\t\t\t<div class=\"elementor-widget-container\">\n\t\t\t\t\t<h1 class=\"elementor-heading-title elementor-size-default\">General conditions<\/h1>\t\t\t\t<\/div>\n\t\t\t\t<\/div>\n\t\t\t\t\t<\/div>\n\t\t\t\t<\/div>\n\t\t<div class=\"elementor-element elementor-element-4577f16 e-flex e-con-boxed e-con e-parent\" data-id=\"4577f16\" data-element_type=\"container\" data-e-type=\"container\">\n\t\t\t\t\t<div class=\"e-con-inner\">\n\t\t\t\t<div class=\"elementor-element elementor-element-48c6536 elementor-widget elementor-widget-heading\" data-id=\"48c6536\" data-element_type=\"widget\" data-e-type=\"widget\" data-widget_type=\"heading.default\">\n\t\t\t\t<div class=\"elementor-widget-container\">\n\t\t\t\t\t<h2 class=\"elementor-heading-title elementor-size-default\">Copyright<\/h2>\t\t\t\t<\/div>\n\t\t\t\t<\/div>\n\t\t\t\t<div class=\"elementor-element elementor-element-d661ee0 elementor-widget elementor-widget-text-editor\" data-id=\"d661ee0\" data-element_type=\"widget\" data-e-type=\"widget\" data-widget_type=\"text-editor.default\">\n\t\t\t\t<div class=\"elementor-widget-container\">\n\t\t\t\t\t\t\t\t\t<p>This is the website of Delamode PLC (\u201eDelamode\u201c). This website (the \u201eSite\u201c) is operated under the trading name Delamode Plc at 700 Avenue West, Skyline 120, Braintree, Essex, CM77 7AA, telephone - 01376 333000. The purpose of these terms and conditions is to govern your use of the Site. If you do not agree to these terms and conditions, please do not use the Site.<\/p><p>Your use of the Site is subject to the following terms:<\/p>\t\t\t\t\t\t\t\t<\/div>\n\t\t\t\t<\/div>\n\t\t\t\t<div class=\"elementor-element elementor-element-ae9a565 elementor-widget elementor-widget-text-editor\" data-id=\"ae9a565\" data-element_type=\"widget\" data-e-type=\"widget\" data-widget_type=\"text-editor.default\">\n\t\t\t\t<div class=\"elementor-widget-container\">\n\t\t\t\t\t\t\t\t\t<p>The copyright and database rights for all content included on this site are either owned by us or licensed to us. You are only permitted to download, save or print content from this site for your personal use. Any other use of the content on this site is prohibited, including reproduction for commercial purposes, except in accordance with the permissions permitted by the Copyright, Designs and Patents Act 1988 or the Copyright and Database Rights Regulations 1997, as appropriate.<\/p>\t\t\t\t\t\t\t\t<\/div>\n\t\t\t\t<\/div>\n\t\t\t\t<div class=\"elementor-element elementor-element-d3fc529 elementor-widget elementor-widget-heading\" data-id=\"d3fc529\" data-element_type=\"widget\" data-e-type=\"widget\" data-widget_type=\"heading.default\">\n\t\t\t\t<div class=\"elementor-widget-container\">\n\t\t\t\t\t<h2 class=\"elementor-heading-title elementor-size-default\">Contents<\/h2>\t\t\t\t<\/div>\n\t\t\t\t<\/div>\n\t\t\t\t<div class=\"elementor-element elementor-element-22b93ce elementor-widget elementor-widget-text-editor\" data-id=\"22b93ce\" data-element_type=\"widget\" data-e-type=\"widget\" data-widget_type=\"text-editor.default\">\n\t\t\t\t<div class=\"elementor-widget-container\">\n\t\t\t\t\t\t\t\t\t<p>This Site contains general information relating to the activities of Delamod. It may also refer to general principles of English law. Such information is of a general nature only and does not constitute specific legal advice in respect of any matter. Nothing on the Site should be construed as legal advice.<\/p>\t\t\t\t\t\t\t\t<\/div>\n\t\t\t\t<\/div>\n\t\t\t\t<div class=\"elementor-element elementor-element-6811016 elementor-widget elementor-widget-heading\" data-id=\"6811016\" data-element_type=\"widget\" data-e-type=\"widget\" data-widget_type=\"heading.default\">\n\t\t\t\t<div class=\"elementor-widget-container\">\n\t\t\t\t\t<h2 class=\"elementor-heading-title elementor-size-default\">Links<\/h2>\t\t\t\t<\/div>\n\t\t\t\t<\/div>\n\t\t\t\t<div class=\"elementor-element elementor-element-b6b492a elementor-widget elementor-widget-text-editor\" data-id=\"b6b492a\" data-element_type=\"widget\" data-e-type=\"widget\" data-widget_type=\"text-editor.default\">\n\t\t\t\t<div class=\"elementor-widget-container\">\n\t\t\t\t\t\t\t\t\t<p>For your convenience, we may occasionally include links to third party websites. We do not endorse any third party websites or their content and are not responsible for your use of such websites.<\/p>\t\t\t\t\t\t\t\t<\/div>\n\t\t\t\t<\/div>\n\t\t\t\t<div class=\"elementor-element elementor-element-268c951 elementor-widget elementor-widget-heading\" data-id=\"268c951\" data-element_type=\"widget\" data-e-type=\"widget\" data-widget_type=\"heading.default\">\n\t\t\t\t<div class=\"elementor-widget-container\">\n\t\t\t\t\t<h2 class=\"elementor-heading-title elementor-size-default\">Fixer<\/h2>\t\t\t\t<\/div>\n\t\t\t\t<\/div>\n\t\t\t\t<div class=\"elementor-element elementor-element-5dd56e0 elementor-widget elementor-widget-text-editor\" data-id=\"5dd56e0\" data-element_type=\"widget\" data-e-type=\"widget\" data-widget_type=\"text-editor.default\">\n\t\t\t\t<div class=\"elementor-widget-container\">\n\t\t\t\t\t\t\t\t\t<p>There is a feature on this site where you can send us enquiries by email. Such inquiries are requests for information only and will not constitute instructions unless and until we respond to you and request your specific instructions. If we accept your instructions, the relationship between you and us will be governed by our Standard Terms, which will be sent to you electronically.<\/p>\t\t\t\t\t\t\t\t<\/div>\n\t\t\t\t<\/div>\n\t\t\t\t<div class=\"elementor-element elementor-element-7a56715 elementor-widget elementor-widget-heading\" data-id=\"7a56715\" data-element_type=\"widget\" data-e-type=\"widget\" data-widget_type=\"heading.default\">\n\t\t\t\t<div class=\"elementor-widget-container\">\n\t\t\t\t\t<h2 class=\"elementor-heading-title elementor-size-default\">Privacy Policy<\/h2>\t\t\t\t<\/div>\n\t\t\t\t<\/div>\n\t\t\t\t<div class=\"elementor-element elementor-element-95d3ad6 elementor-widget elementor-widget-text-editor\" data-id=\"95d3ad6\" data-element_type=\"widget\" data-e-type=\"widget\" data-widget_type=\"text-editor.default\">\n\t\t\t\t<div class=\"elementor-widget-container\">\n\t\t\t\t\t\t\t\t\t<p>Delamode's Privacy Policy forms part of these terms and conditions.<\/p>\t\t\t\t\t\t\t\t<\/div>\n\t\t\t\t<\/div>\n\t\t\t\t<div class=\"elementor-element elementor-element-faaa9f7 elementor-widget elementor-widget-heading\" data-id=\"faaa9f7\" data-element_type=\"widget\" data-e-type=\"widget\" data-widget_type=\"heading.default\">\n\t\t\t\t<div class=\"elementor-widget-container\">\n\t\t\t\t\t<h2 class=\"elementor-heading-title elementor-size-default\">Changes<\/h2>\t\t\t\t<\/div>\n\t\t\t\t<\/div>\n\t\t\t\t<div class=\"elementor-element elementor-element-32a488f elementor-widget elementor-widget-text-editor\" data-id=\"32a488f\" data-element_type=\"widget\" data-e-type=\"widget\" data-widget_type=\"text-editor.default\">\n\t\t\t\t<div class=\"elementor-widget-container\">\n\t\t\t\t\t\t\t\t\t<p>We reserve the right to change these terms and conditions at any time.<\/p>\t\t\t\t\t\t\t\t<\/div>\n\t\t\t\t<\/div>\n\t\t\t\t<div class=\"elementor-element elementor-element-3b57e3c elementor-widget elementor-widget-heading\" data-id=\"3b57e3c\" data-element_type=\"widget\" data-e-type=\"widget\" data-widget_type=\"heading.default\">\n\t\t\t\t<div class=\"elementor-widget-container\">\n\t\t\t\t\t<h2 class=\"elementor-heading-title elementor-size-default\">Usage<\/h2>\t\t\t\t<\/div>\n\t\t\t\t<\/div>\n\t\t\t\t<div class=\"elementor-element elementor-element-8d34145 elementor-widget elementor-widget-text-editor\" data-id=\"8d34145\" data-element_type=\"widget\" data-e-type=\"widget\" data-widget_type=\"text-editor.default\">\n\t\t\t\t<div class=\"elementor-widget-container\">\n\t\t\t\t\t\t\t\t\t<p>Your continued use of this website indicates your acceptance of these terms.<\/p>\t\t\t\t\t\t\t\t<\/div>\n\t\t\t\t<\/div>\n\t\t\t\t<div class=\"elementor-element elementor-element-d1c6680 elementor-widget elementor-widget-heading\" data-id=\"d1c6680\" data-element_type=\"widget\" data-e-type=\"widget\" data-widget_type=\"heading.default\">\n\t\t\t\t<div class=\"elementor-widget-container\">\n\t\t\t\t\t<h2 class=\"elementor-heading-title elementor-size-default\">Applicable law and jurisdiction<\/h2>\t\t\t\t<\/div>\n\t\t\t\t<\/div>\n\t\t\t\t<div class=\"elementor-element elementor-element-37cde82 elementor-widget elementor-widget-text-editor\" data-id=\"37cde82\" data-element_type=\"widget\" data-e-type=\"widget\" data-widget_type=\"text-editor.default\">\n\t\t\t\t<div class=\"elementor-widget-container\">\n\t\t\t\t\t\t\t\t\t<p>Any dispute or claim relating to or arising out of your use of this Site will be resolved in accordance with the laws of England and Wales. The courts of England and Wales will have exclusive jurisdiction in the determination of any such dispute or claim.<\/p><p>If you have any questions, comments or concerns arising from the website, privacy policy or other relevant terms, policies and notices, or the way we handle your personal information, please, <a href=\"https:\/\/www.delamode-bulgaria.com\/en\/contacts\/\">contact us<\/a>.<\/p>\t\t\t\t\t\t\t\t<\/div>\n\t\t\t\t<\/div>\n\t\t\t\t\t<\/div>\n\t\t\t\t<\/div>\n\t\t\t\t<\/div>","protected":false},"excerpt":{"rendered":"<p>\u041e\u0431\u0449\u0438 \u0443\u0441\u043b\u043e\u0432\u0438\u044f\u200b \u0410\u0432\u0442\u043e\u0440\u0441\u043a\u043e \u043f\u0440\u0430\u0432\u043e \u0422\u043e\u0432\u0430 \u0435 \u0443\u0435\u0431\u0441\u0430\u0439\u0442\u044a\u0442 \u043d\u0430 Delamode PLC (\u201eDelamode\u201c). \u0422\u043e\u0437\u0438 \u0443\u0435\u0431\u0441\u0430\u0439\u0442 (\u201e\u0441\u0430\u0439\u0442\u044a\u0442\u201c) \u0441\u0435 \u0443\u043f\u0440\u0430\u0432\u043b\u044f\u0432\u0430 \u043f\u043e\u0434 \u0442\u044a\u0440\u0433\u043e\u0432\u0441\u043a\u043e\u0442\u043e \u043d\u0430\u0438\u043c\u0435\u043d\u043e\u0432\u0430\u043d\u0438\u0435 Delamode Plc \u043d\u0430 \u0430\u0434\u0440\u0435\u0441 700 Avenue West, Skyline 120, Braintree, Essex, CM77 7AA, \u0442\u0435\u043b\u0435\u0444\u043e\u043d \u2013 01376 333000. \u0426\u0435\u043b\u0442\u0430 \u043d\u0430 \u0442\u0435\u0437\u0438 \u043e\u0431\u0449\u0438 \u0443\u0441\u043b\u043e\u0432\u0438\u044f \u0435 \u0434\u0430 \u0440\u0435\u0433\u0443\u043b\u0438\u0440\u0430\u0442 \u0438\u0437\u043f\u043e\u043b\u0437\u0432\u0430\u043d\u0435\u0442\u043e \u043d\u0430 \u0421\u0430\u0439\u0442\u0430 \u043e\u0442 \u0412\u0430\u0448\u0430 \u0441\u0442\u0440\u0430\u043d\u0430. \u0410\u043a\u043e \u043d\u0435 \u0441\u0442\u0435 \u0441\u044a\u0433\u043b\u0430\u0441\u043d\u0438 \u0441 [&hellip;]<\/p>","protected":false},"author":2,"featured_media":0,"parent":0,"menu_order":0,"comment_status":"closed","ping_status":"closed","template":"","meta":{"footnotes":""},"class_list":["post-4359","page","type-page","status-publish","hentry"],"blocksy_meta":{"has_hero_section":"disabled","styles_descriptor":{"styles":{"desktop":"","tablet":"","mobile":""},"google_fonts":[],"version":6}},"yoast_head":"<!-- This site is optimized with the Yoast SEO plugin v27.4 - https:\/\/yoast.com\/product\/yoast-seo-wordpress\/ -->\n<title>Nuostatos ir s\u0105lygos - Delamode Bulgaria | Tarptautin\u0117 krovini\u0173 perve\u017eimo \u012fmon\u0117<\/title>\n<meta name=\"description\" content=\"Nuostatos ir salygos Delamode Baltics - taisykl\u0117s, reglamentuojan\u010dios svetain\u0117s naudojim\u0105 ir paslaug\u0173 teikim\u0105.\" \/>\n<meta name=\"robots\" content=\"index, follow, max-snippet:-1, max-image-preview:large, max-video-preview:-1\" \/>\n<link rel=\"canonical\" href=\"https:\/\/www.delamode-bulgaria.com\/en\/terms-and-conditions\/\" \/>\n<meta property=\"og:locale\" content=\"en_GB\" \/>\n<meta property=\"og:type\" content=\"article\" \/>\n<meta property=\"og:title\" content=\"Nuostatos ir s\u0105lygos - Delamode Bulgaria | Tarptautin\u0117 krovini\u0173 perve\u017eimo \u012fmon\u0117\" \/>\n<meta property=\"og:description\" content=\"Nuostatos ir salygos Delamode Baltics - taisykl\u0117s, reglamentuojan\u010dios svetain\u0117s naudojim\u0105 ir paslaug\u0173 teikim\u0105.\" \/>\n<meta property=\"og:url\" content=\"https:\/\/www.delamode-bulgaria.com\/en\/terms-and-conditions\/\" \/>\n<meta property=\"og:site_name\" content=\"Delamode Bulgaria\" \/>\n<meta property=\"article:modified_time\" content=\"2026-03-20T13:28:08+00:00\" \/>\n<meta name=\"twitter:card\" content=\"summary_large_image\" \/>\n<meta name=\"twitter:label1\" content=\"Estimated reading time\" \/>\n\t<meta name=\"twitter:data1\" content=\"3 minutes\" \/>\n<script type=\"application\/ld+json\" class=\"yoast-schema-graph\">{\"@context\":\"https:\\\/\\\/schema.org\",\"@graph\":[{\"@type\":\"WebPage\",\"@id\":\"https:\\\/\\\/www.delamode-bulgaria.com\\\/nuostatos-ir-salygos\\\/\",\"url\":\"https:\\\/\\\/www.delamode-bulgaria.com\\\/nuostatos-ir-salygos\\\/\",\"name\":\"Nuostatos ir s\u0105lygos - Delamode Bulgaria | Tarptautin\u0117 krovini\u0173 perve\u017eimo \u012fmon\u0117\",\"isPartOf\":{\"@id\":\"https:\\\/\\\/www.delamode-bulgaria.com\\\/#website\"},\"datePublished\":\"2025-09-15T07:28:31+00:00\",\"dateModified\":\"2026-03-20T13:28:08+00:00\",\"description\":\"Nuostatos ir salygos Delamode Baltics - taisykl\u0117s, reglamentuojan\u010dios svetain\u0117s naudojim\u0105 ir paslaug\u0173 teikim\u0105.\",\"breadcrumb\":{\"@id\":\"https:\\\/\\\/www.delamode-bulgaria.com\\\/nuostatos-ir-salygos\\\/#breadcrumb\"},\"inLanguage\":\"en-GB\",\"potentialAction\":[{\"@type\":\"ReadAction\",\"target\":[\"https:\\\/\\\/www.delamode-bulgaria.com\\\/nuostatos-ir-salygos\\\/\"]}]},{\"@type\":\"BreadcrumbList\",\"@id\":\"https:\\\/\\\/www.delamode-bulgaria.com\\\/nuostatos-ir-salygos\\\/#breadcrumb\",\"itemListElement\":[{\"@type\":\"ListItem\",\"position\":1,\"name\":\"Home\",\"item\":\"https:\\\/\\\/www.delamode-bulgaria.com\\\/\"},{\"@type\":\"ListItem\",\"position\":2,\"name\":\"Nuostatos ir s\u0105lygos\"}]},{\"@type\":\"WebSite\",\"@id\":\"https:\\\/\\\/www.delamode-bulgaria.com\\\/#website\",\"url\":\"https:\\\/\\\/www.delamode-bulgaria.com\\\/\",\"name\":\"Delamode Bulgaria\",\"description\":\"Delamode Bulgaria\",\"publisher\":{\"@id\":\"https:\\\/\\\/www.delamode-bulgaria.com\\\/#organization\"},\"potentialAction\":[{\"@type\":\"SearchAction\",\"target\":{\"@type\":\"EntryPoint\",\"urlTemplate\":\"https:\\\/\\\/www.delamode-bulgaria.com\\\/?s={search_term_string}\"},\"query-input\":{\"@type\":\"PropertyValueSpecification\",\"valueRequired\":true,\"valueName\":\"search_term_string\"}}],\"inLanguage\":\"en-GB\"},{\"@type\":\"Organization\",\"@id\":\"https:\\\/\\\/www.delamode-bulgaria.com\\\/#organization\",\"name\":\"Delamode Bulgaria\",\"url\":\"https:\\\/\\\/www.delamode-bulgaria.com\\\/\",\"logo\":{\"@type\":\"ImageObject\",\"inLanguage\":\"en-GB\",\"@id\":\"https:\\\/\\\/www.delamode-bulgaria.com\\\/#\\\/schema\\\/logo\\\/image\\\/\",\"url\":\"https:\\\/\\\/www.delamode-bulgaria.com\\\/wp-content\\\/uploads\\\/Untitled-design-15.png\",\"contentUrl\":\"https:\\\/\\\/www.delamode-bulgaria.com\\\/wp-content\\\/uploads\\\/Untitled-design-15.png\",\"width\":395,\"height\":112,\"caption\":\"Delamode Bulgaria\"},\"image\":{\"@id\":\"https:\\\/\\\/www.delamode-bulgaria.com\\\/#\\\/schema\\\/logo\\\/image\\\/\"}}]}<\/script>\n<!-- \/ Yoast SEO plugin. -->","yoast_head_json":{"title":"Terms and Conditions - Delamode Bulgaria | International freight forwarding company","description":"Delamode Baltics Terms and Conditions - Rules governing the use of the Website and the provision of the Services.","robots":{"index":"index","follow":"follow","max-snippet":"max-snippet:-1","max-image-preview":"max-image-preview:large","max-video-preview":"max-video-preview:-1"},"canonical":"https:\/\/www.delamode-bulgaria.com\/en\/terms-and-conditions\/","og_locale":"en_GB","og_type":"article","og_title":"Nuostatos ir s\u0105lygos - Delamode Bulgaria | Tarptautin\u0117 krovini\u0173 perve\u017eimo \u012fmon\u0117","og_description":"Nuostatos ir salygos Delamode Baltics - taisykl\u0117s, reglamentuojan\u010dios svetain\u0117s naudojim\u0105 ir paslaug\u0173 teikim\u0105.","og_url":"https:\/\/www.delamode-bulgaria.com\/en\/terms-and-conditions\/","og_site_name":"Delamode Bulgaria","article_modified_time":"2026-03-20T13:28:08+00:00","twitter_card":"summary_large_image","twitter_misc":{"Estimated reading time":"3 minutes"},"schema":{"@context":"https:\/\/schema.org","@graph":[{"@type":"WebPage","@id":"https:\/\/www.delamode-bulgaria.com\/nuostatos-ir-salygos\/","url":"https:\/\/www.delamode-bulgaria.com\/nuostatos-ir-salygos\/","name":"Terms and Conditions - Delamode Bulgaria | International freight forwarding company","isPartOf":{"@id":"https:\/\/www.delamode-bulgaria.com\/#website"},"datePublished":"2025-09-15T07:28:31+00:00","dateModified":"2026-03-20T13:28:08+00:00","description":"Delamode Baltics Terms and Conditions - Rules governing the use of the Website and the provision of the Services.","breadcrumb":{"@id":"https:\/\/www.delamode-bulgaria.com\/nuostatos-ir-salygos\/#breadcrumb"},"inLanguage":"en-GB","potentialAction":[{"@type":"ReadAction","target":["https:\/\/www.delamode-bulgaria.com\/nuostatos-ir-salygos\/"]}]},{"@type":"BreadcrumbList","@id":"https:\/\/www.delamode-bulgaria.com\/nuostatos-ir-salygos\/#breadcrumb","itemListElement":[{"@type":"ListItem","position":1,"name":"Home","item":"https:\/\/www.delamode-bulgaria.com\/"},{"@type":"ListItem","position":2,"name":"Nuostatos ir s\u0105lygos"}]},{"@type":"WebSite","@id":"https:\/\/www.delamode-bulgaria.com\/#website","url":"https:\/\/www.delamode-bulgaria.com\/","name":"Delamode Bulgaria","description":"Delamode Bulgaria","publisher":{"@id":"https:\/\/www.delamode-bulgaria.com\/#organization"},"potentialAction":[{"@type":"SearchAction","target":{"@type":"EntryPoint","urlTemplate":"https:\/\/www.delamode-bulgaria.com\/?s={search_term_string}"},"query-input":{"@type":"PropertyValueSpecification","valueRequired":true,"valueName":"search_term_string"}}],"inLanguage":"en-GB"},{"@type":"Organization","@id":"https:\/\/www.delamode-bulgaria.com\/#organization","name":"Delamode Bulgaria","url":"https:\/\/www.delamode-bulgaria.com\/","logo":{"@type":"ImageObject","inLanguage":"en-GB","@id":"https:\/\/www.delamode-bulgaria.com\/#\/schema\/logo\/image\/","url":"https:\/\/www.delamode-bulgaria.com\/wp-content\/uploads\/Untitled-design-15.png","contentUrl":"https:\/\/www.delamode-bulgaria.com\/wp-content\/uploads\/Untitled-design-15.png","width":395,"height":112,"caption":"Delamode Bulgaria"},"image":{"@id":"https:\/\/www.delamode-bulgaria.com\/#\/schema\/logo\/image\/"}}]}},"_hostinger_reach_plugin_has_subscription_block":false,"_hostinger_reach_plugin_is_elementor":false,"_links":{"self":[{"href":"https:\/\/www.delamode-bulgaria.com\/en\/wp-json\/wp\/v2\/pages\/4359","targetHints":{"allow":["GET"]}}],"collection":[{"href":"https:\/\/www.delamode-bulgaria.com\/en\/wp-json\/wp\/v2\/pages"}],"about":[{"href":"https:\/\/www.delamode-bulgaria.com\/en\/wp-json\/wp\/v2\/types\/page"}],"author":[{"embeddable":true,"href":"https:\/\/www.delamode-bulgaria.com\/en\/wp-json\/wp\/v2\/users\/2"}],"replies":[{"embeddable":true,"href":"https:\/\/www.delamode-bulgaria.com\/en\/wp-json\/wp\/v2\/comments?post=4359"}],"version-history":[{"count":34,"href":"https:\/\/www.delamode-bulgaria.com\/en\/wp-json\/wp\/v2\/pages\/4359\/revisions"}],"predecessor-version":[{"id":9033,"href":"https:\/\/www.delamode-bulgaria.com\/en\/wp-json\/wp\/v2\/pages\/4359\/revisions\/9033"}],"wp:attachment":[{"href":"https:\/\/www.delamode-bulgaria.com\/en\/wp-json\/wp\/v2\/media?parent=4359"}],"curies":[{"name":"wp","href":"https:\/\/api.w.org\/{rel}","templated":true}]}}